{"id":52,"date":"2021-03-10T12:08:07","date_gmt":"2021-03-10T11:08:07","guid":{"rendered":"http:\/\/stpremiumpv.pl\/?page_id=52"},"modified":"2021-03-10T12:51:34","modified_gmt":"2021-03-10T11:51:34","slug":"o-nas","status":"publish","type":"page","link":"https:\/\/stpremiumpv.pl\/?page_id=52","title":{"rendered":"O NAS"},"content":{"rendered":"\n<p>Nasza firma jest jedn\u0105 z najszerzej dzia\u0142aj\u0105cych firm w regionie. <br>Staramy si\u0119 zawsze dopasowa\u0107 nasze rozwi\u0105zania indywidualnie dla ka\u017cdego klienta.<br>Nasza kadra posiada wszelkie potrzebne kwalifikacje oraz odpowiednie wykszta\u0142cenie w celu zachowania najlepszej jako\u015bci wykonywanych us\u0142ug. <br>Sprz\u0119t na kt\u00f3rym pracujemy (pomiarowy jak i wykorzystywany w wykonywanych us\u0142ugach) jest zawsze testowany przed wykonywaniem prac i dostarczany w idelnym stanie w celu zachowania nale\u017cytej staranno\u015bci. <\/p>\n\n\n\n<p><\/p>\n","protected":false},"excerpt":{"rendered":"<p>Nasza firma jest jedn\u0105 z najszerzej dzia\u0142aj\u0105cych firm w regionie. Staramy si\u0119 zawsze dopasowa\u0107 nasze rozwi\u0105zania indywidualnie dla ka\u017cdego klienta.Nasza kadra posiada wszelkie potrzebne kwalifikacje oraz odpowiednie wykszta\u0142cenie w celu zachowania najlepszej jako\u015bci wykonywanych us\u0142ug. Sprz\u0119t na kt\u00f3rym pracujemy (pomiarowy jak i wykorzystywany w wykonywanych us\u0142ugach) jest zawsze testowany przed&#8230;<\/p>\n","protected":false},"author":1,"featured_media":0,"parent":0,"menu_order":0,"comment_status":"closed","ping_status":"closed","template":"","meta":[],"yoast_head":"<!-- This site is optimized with the Yoast SEO plugin v15.9.1 - https:\/\/yoast.com\/wordpress\/plugins\/seo\/ -->\n<title>O NAS -<\/title>\n<link rel=\"canonical\" href=\"https:\/\/stpremiumpv.pl\/?page_id=52\" \/>\n<meta property=\"og:locale\" content=\"pl_PL\" \/>\n<meta property=\"og:type\" content=\"article\" \/>\n<meta property=\"og:title\" content=\"O NAS -\" \/>\n<meta property=\"og:description\" content=\"Nasza firma jest jedn\u0105 z najszerzej dzia\u0142aj\u0105cych firm w regionie. Staramy si\u0119 zawsze dopasowa\u0107 nasze rozwi\u0105zania indywidualnie dla ka\u017cdego klienta.Nasza kadra posiada wszelkie potrzebne kwalifikacje oraz odpowiednie wykszta\u0142cenie w celu zachowania najlepszej jako\u015bci wykonywanych us\u0142ug. Sprz\u0119t na kt\u00f3rym pracujemy (pomiarowy jak i wykorzystywany w wykonywanych us\u0142ugach) jest zawsze testowany przed...\" \/>\n<meta property=\"og:url\" content=\"https:\/\/stpremiumpv.pl\/?page_id=52\" \/>\n<meta property=\"article:publisher\" content=\"https:\/\/www.facebook.com\/stpremiumpv.stpremiumpv\" \/>\n<meta property=\"article:modified_time\" content=\"2021-03-10T11:51:34+00:00\" \/>\n<meta name=\"twitter:card\" content=\"summary_large_image\" \/>\n<script type=\"application\/ld+json\" class=\"yoast-schema-graph\">{\"@context\":\"https:\/\/schema.org\",\"@graph\":[{\"@type\":\"WebSite\",\"@id\":\"https:\/\/stpremiumpv.pl\/#website\",\"url\":\"https:\/\/stpremiumpv.pl\/\",\"name\":\"\",\"description\":\"\",\"potentialAction\":[{\"@type\":\"SearchAction\",\"target\":\"https:\/\/stpremiumpv.pl\/?s={search_term_string}\",\"query-input\":\"required name=search_term_string\"}],\"inLanguage\":\"pl-PL\"},{\"@type\":\"WebPage\",\"@id\":\"https:\/\/stpremiumpv.pl\/?page_id=52#webpage\",\"url\":\"https:\/\/stpremiumpv.pl\/?page_id=52\",\"name\":\"O NAS -\",\"isPartOf\":{\"@id\":\"https:\/\/stpremiumpv.pl\/#website\"},\"datePublished\":\"2021-03-10T11:08:07+00:00\",\"dateModified\":\"2021-03-10T11:51:34+00:00\",\"breadcrumb\":{\"@id\":\"https:\/\/stpremiumpv.pl\/?page_id=52#breadcrumb\"},\"inLanguage\":\"pl-PL\",\"potentialAction\":[{\"@type\":\"ReadAction\",\"target\":[\"https:\/\/stpremiumpv.pl\/?page_id=52\"]}]},{\"@type\":\"BreadcrumbList\",\"@id\":\"https:\/\/stpremiumpv.pl\/?page_id=52#breadcrumb\",\"itemListElement\":[{\"@type\":\"ListItem\",\"position\":1,\"item\":{\"@type\":\"WebPage\",\"@id\":\"https:\/\/stpremiumpv.pl\/\",\"url\":\"https:\/\/stpremiumpv.pl\/\",\"name\":\"Strona g\\u0142\\u00f3wna\"}},{\"@type\":\"ListItem\",\"position\":2,\"item\":{\"@type\":\"WebPage\",\"@id\":\"https:\/\/stpremiumpv.pl\/?page_id=52\",\"url\":\"https:\/\/stpremiumpv.pl\/?page_id=52\",\"name\":\"O NAS\"}}]}]}<\/script>\n<!-- \/ Yoast SEO plugin. -->","_links":{"self":[{"href":"https:\/\/stpremiumpv.pl\/index.php?rest_route=\/wp\/v2\/pages\/52"}],"collection":[{"href":"https:\/\/stpremiumpv.pl\/index.php?rest_route=\/wp\/v2\/pages"}],"about":[{"href":"https:\/\/stpremiumpv.pl\/index.php?rest_route=\/wp\/v2\/types\/page"}],"author":[{"embeddable":true,"href":"https:\/\/stpremiumpv.pl\/index.php?rest_route=\/wp\/v2\/users\/1"}],"replies":[{"embeddable":true,"href":"https:\/\/stpremiumpv.pl\/index.php?rest_route=%2Fwp%2Fv2%2Fcomments&post=52"}],"version-history":[{"count":4,"href":"https:\/\/stpremiumpv.pl\/index.php?rest_route=\/wp\/v2\/pages\/52\/revisions"}],"predecessor-version":[{"id":77,"href":"https:\/\/stpremiumpv.pl\/index.php?rest_route=\/wp\/v2\/pages\/52\/revisions\/77"}],"wp:attachment":[{"href":"https:\/\/stpremiumpv.pl\/index.php?rest_route=%2Fwp%2Fv2%2Fmedia&parent=52"}],"curies":[{"name":"wp","href":"https:\/\/api.w.org\/{rel}","templated":true}]}}